{"id":1038,"date":"2023-08-08T16:44:51","date_gmt":"2023-08-08T16:44:51","guid":{"rendered":"https:\/\/apaparoca.pt\/a-paparoca\/"},"modified":"2023-09-13T17:16:48","modified_gmt":"2023-09-13T17:16:48","slug":"la-paparoca","status":"publish","type":"page","link":"https:\/\/apaparoca.pt\/fr\/la-paparoca\/","title":{"rendered":"La Paparoca"},"content":{"rendered":"<section class=\"elementor-section elementor-top-section elementor-element elementor-element-2e7e170 elementor-section-boxed elementor-section-height-default elementor-section-height-default\" data-id=\"2e7e170\" data-element_type=\"section\">\n<div class=\"elementor-container elementor-column-gap-default\">\n<div class=\"elementor-column elementor-col-50 elementor-top-column elementor-element elementor-element-7e8f948\" data-id=\"7e8f948\" data-element_type=\"column\">\n<div class=\"elementor-widget-wrap elementor-element-populated\">\n<div class=\"elementor-element elementor-element-87990f0 elementor-widget elementor-widget-text-editor\" data-id=\"87990f0\" data-element_type=\"widget\" data-widget_type=\"text-editor.default\">\n<div class=\"elementor-widget-container\">\n<p>En 1989, la premi\u00e8re Pizzeria A Paparoca a \u00e9t\u00e9 cr\u00e9\u00e9e sous un nom individuel dans la ville de Ribeira Grande.<\/p>\n<p>En 1991, la premi\u00e8re unit\u00e9 de la Soci\u00e9t\u00e9 Rodrigues &amp; Silva, Lda. (nom collectif) est apparue dans le Centre Commercial Sol-Mar. Il s&#8217;agissait d&#8217;un service Snack-Bar et Pizzeria qui existe encore aujourd&#8217;hui dans chacune de nos unit\u00e9s.<\/p>\n<p>Cette unit\u00e9 appel\u00e9e Snack-Bar Pizzeria \u00ab A Paparoca \u00bb servait essentiellement des pizzas, des hamburgers, des produits de caf\u00e9t\u00e9ria, des g\u00e2teaux et des sandwichs. Cette unit\u00e9 a ensuite ferm\u00e9 ses portes en ao\u00fbt 2005, son existence ne pouvant \u00eatre justifi\u00e9e.<\/p>\n<\/div>\n<\/div>\n<\/div>\n<\/div>\n<\/div>\n<\/section>\n","protected":false},"excerpt":{"rendered":"<p>En 1989, la premi\u00e8re Pizzeria A Paparoca a \u00e9t\u00e9 cr\u00e9\u00e9e sous un nom individuel dans la ville de Ribeira Grande. En 1991, la premi\u00e8re unit\u00e9 de la Soci\u00e9t\u00e9 Rodrigues &amp; Silva, Lda. (nom collectif) est apparue dans le Centre Commercial Sol-Mar. Il s&#8217;agissait d&#8217;un service Snack-Bar et Pizzeria qui existe encore aujourd&#8217;hui dans chacune de [&hellip;]<\/p>\n","protected":false},"author":1,"featured_media":0,"parent":0,"menu_order":0,"comment_status":"closed","ping_status":"closed","template":"template_about_us.php","meta":{"footnotes":""},"class_list":["post-1038","page","type-page","status-publish","hentry"],"acf":[],"yoast_head":"<!-- This site is optimized with the Yoast SEO plugin v21.4 - https:\/\/yoast.com\/wordpress\/plugins\/seo\/ -->\n<title>La Paparoca - A Paparoca<\/title>\n<meta name=\"robots\" content=\"index, follow, max-snippet:-1, max-image-preview:large, max-video-preview:-1\" \/>\n<link rel=\"canonical\" href=\"https:\/\/apaparoca.pt\/a-paparoca\/\" \/>\n<meta property=\"og:locale\" content=\"fr_FR\" \/>\n<meta property=\"og:type\" content=\"article\" \/>\n<meta property=\"og:title\" content=\"La Paparoca - A Paparoca\" \/>\n<meta property=\"og:description\" content=\"En 1989, la premi\u00e8re Pizzeria A Paparoca a \u00e9t\u00e9 cr\u00e9\u00e9e sous un nom individuel dans la ville de Ribeira Grande. En 1991, la premi\u00e8re unit\u00e9 de la Soci\u00e9t\u00e9 Rodrigues &amp; Silva, Lda. (nom collectif) est apparue dans le Centre Commercial Sol-Mar. Il s&#8217;agissait d&#8217;un service Snack-Bar et Pizzeria qui existe encore aujourd&#8217;hui dans chacune de [&hellip;]\" \/>\n<meta property=\"og:url\" content=\"https:\/\/apaparoca.pt\/a-paparoca\/\" \/>\n<meta property=\"og:site_name\" content=\"A Paparoca\" \/>\n<meta property=\"article:modified_time\" content=\"2023-09-13T17:16:48+00:00\" \/>\n<meta name=\"twitter:card\" content=\"summary_large_image\" \/>\n<meta name=\"twitter:label1\" content=\"Dur\u00e9e de lecture estim\u00e9e\" \/>\n\t<meta name=\"twitter:data1\" content=\"1 minute\" \/>\n<script type=\"application\/ld+json\" class=\"yoast-schema-graph\">{\"@context\":\"https:\/\/schema.org\",\"@graph\":[{\"@type\":\"WebPage\",\"@id\":\"https:\/\/apaparoca.pt\/a-paparoca\/\",\"url\":\"https:\/\/apaparoca.pt\/a-paparoca\/\",\"name\":\"La Paparoca - A Paparoca\",\"isPartOf\":{\"@id\":\"https:\/\/apaparoca.pt\/#website\"},\"datePublished\":\"2023-08-08T16:44:51+00:00\",\"dateModified\":\"2023-09-13T17:16:48+00:00\",\"breadcrumb\":{\"@id\":\"https:\/\/apaparoca.pt\/a-paparoca\/#breadcrumb\"},\"inLanguage\":\"fr-FR\",\"potentialAction\":[{\"@type\":\"ReadAction\",\"target\":[\"https:\/\/apaparoca.pt\/a-paparoca\/\"]}]},{\"@type\":\"BreadcrumbList\",\"@id\":\"https:\/\/apaparoca.pt\/a-paparoca\/#breadcrumb\",\"itemListElement\":[{\"@type\":\"ListItem\",\"position\":1,\"name\":\"In\u00edcio\",\"item\":\"https:\/\/apaparoca.pt\/fr\/\"},{\"@type\":\"ListItem\",\"position\":2,\"name\":\"La Paparoca\"}]},{\"@type\":\"WebSite\",\"@id\":\"https:\/\/apaparoca.pt\/#website\",\"url\":\"https:\/\/apaparoca.pt\/\",\"name\":\"A Paparoca\",\"description\":\"\",\"potentialAction\":[{\"@type\":\"SearchAction\",\"target\":{\"@type\":\"EntryPoint\",\"urlTemplate\":\"https:\/\/apaparoca.pt\/?s={search_term_string}\"},\"query-input\":\"required name=search_term_string\"}],\"inLanguage\":\"fr-FR\"}]}<\/script>\n<!-- \/ Yoast SEO plugin. -->","yoast_head_json":{"title":"La Paparoca - A Paparoca","robots":{"index":"index","follow":"follow","max-snippet":"max-snippet:-1","max-image-preview":"max-image-preview:large","max-video-preview":"max-video-preview:-1"},"canonical":"https:\/\/apaparoca.pt\/a-paparoca\/","og_locale":"fr_FR","og_type":"article","og_title":"La Paparoca - A Paparoca","og_description":"En 1989, la premi\u00e8re Pizzeria A Paparoca a \u00e9t\u00e9 cr\u00e9\u00e9e sous un nom individuel dans la ville de Ribeira Grande. En 1991, la premi\u00e8re unit\u00e9 de la Soci\u00e9t\u00e9 Rodrigues &amp; Silva, Lda. (nom collectif) est apparue dans le Centre Commercial Sol-Mar. Il s&#8217;agissait d&#8217;un service Snack-Bar et Pizzeria qui existe encore aujourd&#8217;hui dans chacune de [&hellip;]","og_url":"https:\/\/apaparoca.pt\/a-paparoca\/","og_site_name":"A Paparoca","article_modified_time":"2023-09-13T17:16:48+00:00","twitter_card":"summary_large_image","twitter_misc":{"Dur\u00e9e de lecture estim\u00e9e":"1 minute"},"schema":{"@context":"https:\/\/schema.org","@graph":[{"@type":"WebPage","@id":"https:\/\/apaparoca.pt\/a-paparoca\/","url":"https:\/\/apaparoca.pt\/a-paparoca\/","name":"La Paparoca - A Paparoca","isPartOf":{"@id":"https:\/\/apaparoca.pt\/#website"},"datePublished":"2023-08-08T16:44:51+00:00","dateModified":"2023-09-13T17:16:48+00:00","breadcrumb":{"@id":"https:\/\/apaparoca.pt\/a-paparoca\/#breadcrumb"},"inLanguage":"fr-FR","potentialAction":[{"@type":"ReadAction","target":["https:\/\/apaparoca.pt\/a-paparoca\/"]}]},{"@type":"BreadcrumbList","@id":"https:\/\/apaparoca.pt\/a-paparoca\/#breadcrumb","itemListElement":[{"@type":"ListItem","position":1,"name":"In\u00edcio","item":"https:\/\/apaparoca.pt\/fr\/"},{"@type":"ListItem","position":2,"name":"La Paparoca"}]},{"@type":"WebSite","@id":"https:\/\/apaparoca.pt\/#website","url":"https:\/\/apaparoca.pt\/","name":"A Paparoca","description":"","potentialAction":[{"@type":"SearchAction","target":{"@type":"EntryPoint","urlTemplate":"https:\/\/apaparoca.pt\/?s={search_term_string}"},"query-input":"required name=search_term_string"}],"inLanguage":"fr-FR"}]}},"_links":{"self":[{"href":"https:\/\/apaparoca.pt\/fr\/wp-json\/wp\/v2\/pages\/1038","targetHints":{"allow":["GET"]}}],"collection":[{"href":"https:\/\/apaparoca.pt\/fr\/wp-json\/wp\/v2\/pages"}],"about":[{"href":"https:\/\/apaparoca.pt\/fr\/wp-json\/wp\/v2\/types\/page"}],"author":[{"embeddable":true,"href":"https:\/\/apaparoca.pt\/fr\/wp-json\/wp\/v2\/users\/1"}],"replies":[{"embeddable":true,"href":"https:\/\/apaparoca.pt\/fr\/wp-json\/wp\/v2\/comments?post=1038"}],"version-history":[{"count":3,"href":"https:\/\/apaparoca.pt\/fr\/wp-json\/wp\/v2\/pages\/1038\/revisions"}],"predecessor-version":[{"id":1780,"href":"https:\/\/apaparoca.pt\/fr\/wp-json\/wp\/v2\/pages\/1038\/revisions\/1780"}],"wp:attachment":[{"href":"https:\/\/apaparoca.pt\/fr\/wp-json\/wp\/v2\/media?parent=1038"}],"curies":[{"name":"wp","href":"https:\/\/api.w.org\/{rel}","templated":true}]}}